{"id":2,"date":"2023-05-18T20:21:15","date_gmt":"2023-05-18T20:21:15","guid":{"rendered":"https:\/\/husmorshjelpen.no\/?page_id=2"},"modified":"2023-08-14T16:39:19","modified_gmt":"2023-08-14T16:39:19","slug":"husmodre","status":"publish","type":"page","link":"https:\/\/husmorshjelpen.no\/index.php\/husmodre\/","title":{"rendered":"Husm\u00f8dre"},"content":{"rendered":"\n<p>Her finner du tilgjengelige husm\u00f8dre i ditt n\u00e6romr\u00e5de:<\/p>\n\n\n\n<h2 class=\"wp-block-heading\">Bergen:<\/h2>\n\n\n\n<div class=\"wp-block-group is-layout-constrained wp-block-group-is-layout-constrained\">\n<figure class=\"wp-block-image size-full is-resized\"><a href=\"https:\/\/husmorshjelpen.no\/index.php\/kontaktskjema-for-anita\/\"><img loading=\"lazy\" decoding=\"async\" src=\"https:\/\/husmorshjelpen.no\/wp-content\/uploads\/2023\/07\/womenheadprofile.png\" alt=\"\" class=\"wp-image-51\" style=\"width:115px;height:108px\" width=\"115\" height=\"108\"\/><\/a><\/figure>\n<\/div>\n\n\n\n<div class=\"wp-block-group is-layout-constrained wp-block-group-is-layout-constrained\">\n<div class=\"wp-block-group is-layout-constrained wp-block-group-is-layout-constrained\">\n<p class=\"has-text-align-left\" style=\"margin-top:var(--wp--preset--spacing--20);margin-right:var(--wp--preset--spacing--20);margin-bottom:var(--wp--preset--spacing--20);margin-left:var(--wp--preset--spacing--20)\"><a href=\"https:\/\/husmorshjelpen.no\/index.php\/kontaktskjema-for-anita\/\">Husmor Anita<\/a><\/p>\n<\/div>\n<\/div>\n","protected":false},"excerpt":{"rendered":"<p>Her finner du tilgjengelige husm\u00f8dre i ditt n\u00e6romr\u00e5de: Bergen: Husmor Anita<\/p>\n","protected":false},"author":1,"featured_media":0,"parent":0,"menu_order":0,"comment_status":"closed","ping_status":"closed","template":"","meta":{"footnotes":""},"class_list":["post-2","page","type-page","status-publish","hentry"],"_links":{"self":[{"href":"https:\/\/husmorshjelpen.no\/index.php\/wp-json\/wp\/v2\/pages\/2","targetHints":{"allow":["GET"]}}],"collection":[{"href":"https:\/\/husmorshjelpen.no\/index.php\/wp-json\/wp\/v2\/pages"}],"about":[{"href":"https:\/\/husmorshjelpen.no\/index.php\/wp-json\/wp\/v2\/types\/page"}],"author":[{"embeddable":true,"href":"https:\/\/husmorshjelpen.no\/index.php\/wp-json\/wp\/v2\/users\/1"}],"replies":[{"embeddable":true,"href":"https:\/\/husmorshjelpen.no\/index.php\/wp-json\/wp\/v2\/comments?post=2"}],"version-history":[{"count":3,"href":"https:\/\/husmorshjelpen.no\/index.php\/wp-json\/wp\/v2\/pages\/2\/revisions"}],"predecessor-version":[{"id":67,"href":"https:\/\/husmorshjelpen.no\/index.php\/wp-json\/wp\/v2\/pages\/2\/revisions\/67"}],"wp:attachment":[{"href":"https:\/\/husmorshjelpen.no\/index.php\/wp-json\/wp\/v2\/media?parent=2"}],"curies":[{"name":"wp","href":"https:\/\/api.w.org\/{rel}","templated":true}]}}